{"id":25,"date":"2023-09-05T17:46:22","date_gmt":"2023-09-05T17:46:22","guid":{"rendered":"https:\/\/rubenalfonzo.com\/?page_id=25"},"modified":"2024-01-10T12:22:07","modified_gmt":"2024-01-10T12:22:07","slug":"our-story","status":"publish","type":"page","link":"https:\/\/rubenalfonzo.com\/?page_id=25","title":{"rendered":"Qui\u00e9nes Somos"},"content":{"rendered":"\t\t<div data-elementor-type=\"wp-page\" data-elementor-id=\"25\" class=\"elementor elementor-25\" data-elementor-post-type=\"page\">\n\t\t\t\t\t\t<section class=\"elementor-section elementor-top-section elementor-element elementor-element-6056399b elementor-section-full_width elementor-section-content-middle elementor-reverse-mobile elementor-section-height-min-height elementor-section-items-stretch elementor-section-height-default\" data-id=\"6056399b\" data-element_type=\"section\" data-e-type=\"section\">\n\t\t\t\t\t\t<div class=\"elementor-container elementor-column-gap-no\">\n\t\t\t\t\t<div class=\"elementor-column elementor-col-50 elementor-top-column elementor-element elementor-element-54c4d8ee\" data-id=\"54c4d8ee\" data-element_type=\"column\" data-e-type=\"column\" data-settings=\"{&quot;background_background&quot;:&quot;classic&quot;}\">\n\t\t\t<div class=\"elementor-widget-wrap elementor-element-populated\">\n\t\t\t\t\t\t<div class=\"elementor-element elementor-element-75dac4ba elementor-widget elementor-widget-spacer\" data-id=\"75dac4ba\" data-element_type=\"widget\" data-e-type=\"widget\" data-widget_type=\"spacer.default\">\n\t\t\t\t<div class=\"elementor-widget-container\">\n\t\t\t\t\t\t\t<div class=\"elementor-spacer\">\n\t\t\t<div class=\"elementor-spacer-inner\"><\/div>\n\t\t<\/div>\n\t\t\t\t\t\t<\/div>\n\t\t\t\t<\/div>\n\t\t\t\t\t<\/div>\n\t\t<\/div>\n\t\t\t\t<div class=\"elementor-column elementor-col-50 elementor-top-column elementor-element elementor-element-59d7ad0e\" data-id=\"59d7ad0e\" data-element_type=\"column\" data-e-type=\"column\">\n\t\t\t<div class=\"elementor-widget-wrap elementor-element-populated\">\n\t\t\t\t\t\t<div class=\"elementor-element elementor-element-6db19936 elementor-invisible elementor-widget elementor-widget-heading\" data-id=\"6db19936\" data-element_type=\"widget\" data-e-type=\"widget\" data-settings=\"{&quot;_animation&quot;:&quot;fadeIn&quot;}\" data-widget_type=\"heading.default\">\n\t\t\t\t<div class=\"elementor-widget-container\">\n\t\t\t\t\t<h2 class=\"elementor-heading-title elementor-size-default\">Qui\u00e9nes Somos<\/h2>\t\t\t\t<\/div>\n\t\t\t\t<\/div>\n\t\t\t\t<div class=\"elementor-element elementor-element-12c43947 elementor-invisible elementor-widget elementor-widget-text-editor\" data-id=\"12c43947\" data-element_type=\"widget\" data-e-type=\"widget\" data-settings=\"{&quot;_animation&quot;:&quot;fadeIn&quot;,&quot;_animation_delay&quot;:400}\" data-widget_type=\"text-editor.default\">\n\t\t\t\t<div class=\"elementor-widget-container\">\n\t\t\t\t\t\t\t\t\t<p>En Rub\u00e9n Alfonzo, nos proponemos brindar servicios de alto nivel y vanguardistas para las empresas y sus productos o servicios a fin de incrementar su valor y sostenibilidad a largo plazo.<\/p><p>Con este prop\u00f3sito en mente, son tres \u00e1reas estrat\u00e9gicas en las que nos hemos especializado para apoyar a las empresas en su ruta al \u00e9xito comercial:<\/p><p><span style=\"text-decoration: underline;\"><strong>La Consultor\u00eda Comercial<\/strong><\/span>, que brinda apoyo para formalizar y estandarizar los procesos comerciales con el objeto de fundamentar y fortalecer la cultura comercial en la organizaci\u00f3n.<\/p><p><span style=\"text-decoration: underline;\"><strong>El Empoderamiento Comercial<\/strong><\/span>, cuyo fin es reforzar las competencias profesionales de todos los individuos que integran los equipos comerciales para fortalecer la planeaci\u00f3n y ejecuci\u00f3n exitosa de las estrategias y planes de acci\u00f3n comerciales.<\/p><p><span style=\"text-decoration: underline;\"><strong>La Transformaci\u00f3n Digital Comercial<\/strong><\/span>, donde desarrollamos e implementamos proyectos, hechos a la medida de nuestros clientes, con la aplicaci\u00f3n de tecnolog\u00edas de punta para la automatizaci\u00f3n, la anal\u00edtica de datos y la visualizaci\u00f3n digital de la informaci\u00f3n, que permiten la toma de decisiones informadas y el desarrollo de estrategias objetivamente por parte de los l\u00edderes comerciales y organizacionales.<\/p>\t\t\t\t\t\t\t\t<\/div>\n\t\t\t\t<\/div>\n\t\t\t\t\t<\/div>\n\t\t<\/div>\n\t\t\t\t\t<\/div>\n\t\t<\/section>\n\t\t\t\t<section class=\"elementor-section elementor-top-section elementor-element elementor-element-1009d57b elementor-section-full_width elementor-section-content-middle elementor-section-height-min-height elementor-section-items-stretch elementor-section-height-default\" data-id=\"1009d57b\" data-element_type=\"section\" data-e-type=\"section\">\n\t\t\t\t\t\t<div class=\"elementor-container elementor-column-gap-no\">\n\t\t\t\t\t<div class=\"elementor-column elementor-col-25 elementor-top-column elementor-element elementor-element-488cece7\" data-id=\"488cece7\" data-element_type=\"column\" data-e-type=\"column\">\n\t\t\t<div class=\"elementor-widget-wrap elementor-element-populated\">\n\t\t\t\t\t\t<div class=\"elementor-element elementor-element-583a8067 elementor-widget elementor-widget-heading\" data-id=\"583a8067\" data-element_type=\"widget\" data-e-type=\"widget\" data-widget_type=\"heading.default\">\n\t\t\t\t<div class=\"elementor-widget-container\">\n\t\t\t\t\t<h2 class=\"elementor-heading-title elementor-size-default\">Nuestra Misi\u00f3n y Visi\u00f3n<\/h2>\t\t\t\t<\/div>\n\t\t\t\t<\/div>\n\t\t\t\t<div class=\"elementor-element elementor-element-3428a66 elementor-widget elementor-widget-text-editor\" data-id=\"3428a66\" data-element_type=\"widget\" data-e-type=\"widget\" data-widget_type=\"text-editor.default\">\n\t\t\t\t<div class=\"elementor-widget-container\">\n\t\t\t\t\t\t\t\t\t<p><span style=\"text-decoration: underline;\"><strong>Misi\u00f3n<\/strong><\/span>: Brindar una plataforma de servicios integrados que contribuyan al \u00e9xito comercial de nuestros clientes.<\/p><p><span style=\"text-decoration: underline;\"><strong>Visi\u00f3n<\/strong><\/span>: Ser un proveedor respetado y confiable para el desarrollo de soluciones estrat\u00e9gicas comerciales.<\/p>\t\t\t\t\t\t\t\t<\/div>\n\t\t\t\t<\/div>\n\t\t\t\t\t<\/div>\n\t\t<\/div>\n\t\t\t\t<div class=\"elementor-column elementor-col-50 elementor-top-column elementor-element elementor-element-731f1f9\" data-id=\"731f1f9\" data-element_type=\"column\" data-e-type=\"column\" data-settings=\"{&quot;background_background&quot;:&quot;classic&quot;}\">\n\t\t\t<div class=\"elementor-widget-wrap elementor-element-populated\">\n\t\t\t\t\t\t<div class=\"elementor-element elementor-element-72fe9c9c elementor-widget elementor-widget-image\" data-id=\"72fe9c9c\" data-element_type=\"widget\" data-e-type=\"widget\" data-widget_type=\"image.default\">\n\t\t\t\t<div class=\"elementor-widget-container\">\n\t\t\t\t\t\t\t\t\t\t\t\t\t\t\t<img fetchpriority=\"high\" decoding=\"async\" width=\"632\" height=\"1000\" src=\"https:\/\/rubenalfonzo.com\/wp-content\/uploads\/2023\/12\/344AE48A-CE96-42A9-966D-169DC99D4821-2-1.jpg\" class=\"attachment-large size-large wp-image-109\" alt=\"\" srcset=\"https:\/\/rubenalfonzo.com\/wp-content\/uploads\/2023\/12\/344AE48A-CE96-42A9-966D-169DC99D4821-2-1.jpg 632w, https:\/\/rubenalfonzo.com\/wp-content\/uploads\/2023\/12\/344AE48A-CE96-42A9-966D-169DC99D4821-2-1-190x300.jpg 190w\" sizes=\"(max-width: 632px) 100vw, 632px\" \/>\t\t\t\t\t\t\t\t\t\t\t\t\t\t\t<\/div>\n\t\t\t\t<\/div>\n\t\t\t\t\t<\/div>\n\t\t<\/div>\n\t\t\t\t<div class=\"elementor-column elementor-col-25 elementor-top-column elementor-element elementor-element-658a9326\" data-id=\"658a9326\" data-element_type=\"column\" data-e-type=\"column\" data-settings=\"{&quot;background_background&quot;:&quot;classic&quot;}\">\n\t\t\t<div class=\"elementor-widget-wrap elementor-element-populated\">\n\t\t\t\t\t\t<div class=\"elementor-element elementor-element-69dd0859 elementor-widget elementor-widget-image\" data-id=\"69dd0859\" data-element_type=\"widget\" data-e-type=\"widget\" data-widget_type=\"image.default\">\n\t\t\t\t<div class=\"elementor-widget-container\">\n\t\t\t\t\t\t\t\t\t\t\t\t\t\t\t<img decoding=\"async\" width=\"683\" height=\"1024\" src=\"https:\/\/rubenalfonzo.com\/wp-content\/uploads\/2023\/12\/671BAE2A-292B-45FE-80A5-6CFC474B77B0-2-683x1024.jpg\" class=\"attachment-large size-large wp-image-111\" alt=\"\" srcset=\"https:\/\/rubenalfonzo.com\/wp-content\/uploads\/2023\/12\/671BAE2A-292B-45FE-80A5-6CFC474B77B0-2-683x1024.jpg 683w, https:\/\/rubenalfonzo.com\/wp-content\/uploads\/2023\/12\/671BAE2A-292B-45FE-80A5-6CFC474B77B0-2-200x300.jpg 200w, https:\/\/rubenalfonzo.com\/wp-content\/uploads\/2023\/12\/671BAE2A-292B-45FE-80A5-6CFC474B77B0-2-768x1152.jpg 768w, https:\/\/rubenalfonzo.com\/wp-content\/uploads\/2023\/12\/671BAE2A-292B-45FE-80A5-6CFC474B77B0-2.jpg 1000w\" sizes=\"(max-width: 683px) 100vw, 683px\" \/>\t\t\t\t\t\t\t\t\t\t\t\t\t\t\t<\/div>\n\t\t\t\t<\/div>\n\t\t\t\t\t<\/div>\n\t\t<\/div>\n\t\t\t\t\t<\/div>\n\t\t<\/section>\n\t\t\t\t<section class=\"elementor-section elementor-top-section elementor-element elementor-element-297f4de elementor-section-full_width elementor-section-content-middle elementor-section-height-min-height elementor-section-items-stretch elementor-section-height-default\" data-id=\"297f4de\" data-element_type=\"section\" data-e-type=\"section\">\n\t\t\t\t\t\t<div class=\"elementor-container elementor-column-gap-no\">\n\t\t\t\t\t<div class=\"elementor-column elementor-col-25 elementor-top-column elementor-element elementor-element-cf2d64e\" data-id=\"cf2d64e\" data-element_type=\"column\" data-e-type=\"column\">\n\t\t\t<div class=\"elementor-widget-wrap elementor-element-populated\">\n\t\t\t\t\t\t<div class=\"elementor-element elementor-element-b98b650 elementor-widget elementor-widget-heading\" data-id=\"b98b650\" data-element_type=\"widget\" data-e-type=\"widget\" data-widget_type=\"heading.default\">\n\t\t\t\t<div class=\"elementor-widget-container\">\n\t\t\t\t\t<h2 class=\"elementor-heading-title elementor-size-default\">Nuestros Valores<\/h2>\t\t\t\t<\/div>\n\t\t\t\t<\/div>\n\t\t\t\t<div class=\"elementor-element elementor-element-c805c44 elementor-widget elementor-widget-text-editor\" data-id=\"c805c44\" data-element_type=\"widget\" data-e-type=\"widget\" data-widget_type=\"text-editor.default\">\n\t\t\t\t<div class=\"elementor-widget-container\">\n\t\t\t\t\t\t\t\t\t<p><span style=\"text-decoration: underline;\"><strong>Innovaci\u00f3n<\/strong><\/span>: Creemos que la combinaci\u00f3n de la creatividad, el conocimiento y la aplicaci\u00f3n de la tecnolog\u00eda de punta representan un medio para mejorar y hacer m\u00e1s eficientes, efectivos y productivos los procesos comerciales.<\/p><p><span style=\"text-decoration: underline;\"><strong>Empat\u00eda<\/strong><\/span>: Creemos que debemos ver, vivir y sentir el negocio de nuestros clientes como nuestro, para poder idear soluciones exitosas hechas a su medida.<\/p><p><span style=\"text-decoration: underline;\"><strong>Compromiso<\/strong><\/span>: creemos que nuestro \u00e9xito es el \u00e9xito de nuestros clientes y esta es nuestra raz\u00f3n de ser y existir.<\/p><p><span style=\"text-decoration: underline;\"><strong>Objetividad<\/strong><\/span>: creemos que la toma de decisiones empresariales debe estar sustentada por datos y hechos tangibles.<\/p>\t\t\t\t\t\t\t\t<\/div>\n\t\t\t\t<\/div>\n\t\t\t\t\t<\/div>\n\t\t<\/div>\n\t\t\t\t<div class=\"elementor-column elementor-col-50 elementor-top-column elementor-element elementor-element-89f4d87\" data-id=\"89f4d87\" data-element_type=\"column\" data-e-type=\"column\" data-settings=\"{&quot;background_background&quot;:&quot;classic&quot;}\">\n\t\t\t<div class=\"elementor-widget-wrap elementor-element-populated\">\n\t\t\t\t\t\t<div class=\"elementor-element elementor-element-046605a elementor-widget elementor-widget-image\" data-id=\"046605a\" data-element_type=\"widget\" data-e-type=\"widget\" data-widget_type=\"image.default\">\n\t\t\t\t<div class=\"elementor-widget-container\">\n\t\t\t\t\t\t\t\t\t\t\t\t\t\t\t<img decoding=\"async\" width=\"683\" height=\"1024\" src=\"https:\/\/rubenalfonzo.com\/wp-content\/uploads\/2023\/12\/CF02775A-E6B6-4DE0-8AB2-D44761437A37-2-683x1024.jpg\" class=\"attachment-large size-large wp-image-178\" alt=\"\" srcset=\"https:\/\/rubenalfonzo.com\/wp-content\/uploads\/2023\/12\/CF02775A-E6B6-4DE0-8AB2-D44761437A37-2-683x1024.jpg 683w, https:\/\/rubenalfonzo.com\/wp-content\/uploads\/2023\/12\/CF02775A-E6B6-4DE0-8AB2-D44761437A37-2-200x300.jpg 200w, https:\/\/rubenalfonzo.com\/wp-content\/uploads\/2023\/12\/CF02775A-E6B6-4DE0-8AB2-D44761437A37-2-768x1152.jpg 768w, https:\/\/rubenalfonzo.com\/wp-content\/uploads\/2023\/12\/CF02775A-E6B6-4DE0-8AB2-D44761437A37-2.jpg 1000w\" sizes=\"(max-width: 683px) 100vw, 683px\" \/>\t\t\t\t\t\t\t\t\t\t\t\t\t\t\t<\/div>\n\t\t\t\t<\/div>\n\t\t\t\t\t<\/div>\n\t\t<\/div>\n\t\t\t\t<div class=\"elementor-column elementor-col-25 elementor-top-column elementor-element elementor-element-a06d687\" data-id=\"a06d687\" data-element_type=\"column\" data-e-type=\"column\" data-settings=\"{&quot;background_background&quot;:&quot;classic&quot;}\">\n\t\t\t<div class=\"elementor-widget-wrap elementor-element-populated\">\n\t\t\t\t\t\t<div class=\"elementor-element elementor-element-5532765 elementor-widget elementor-widget-image\" data-id=\"5532765\" data-element_type=\"widget\" data-e-type=\"widget\" data-widget_type=\"image.default\">\n\t\t\t\t<div class=\"elementor-widget-container\">\n\t\t\t\t\t\t\t\t\t\t\t\t\t\t\t<img loading=\"lazy\" decoding=\"async\" width=\"683\" height=\"1024\" src=\"https:\/\/rubenalfonzo.com\/wp-content\/uploads\/2023\/11\/D13FC642-0F0B-437C-9A43-052D22C23941-2-683x1024.jpg\" class=\"attachment-large size-large wp-image-68\" alt=\"\" srcset=\"https:\/\/rubenalfonzo.com\/wp-content\/uploads\/2023\/11\/D13FC642-0F0B-437C-9A43-052D22C23941-2-683x1024.jpg 683w, https:\/\/rubenalfonzo.com\/wp-content\/uploads\/2023\/11\/D13FC642-0F0B-437C-9A43-052D22C23941-2-200x300.jpg 200w, https:\/\/rubenalfonzo.com\/wp-content\/uploads\/2023\/11\/D13FC642-0F0B-437C-9A43-052D22C23941-2-768x1152.jpg 768w, https:\/\/rubenalfonzo.com\/wp-content\/uploads\/2023\/11\/D13FC642-0F0B-437C-9A43-052D22C23941-2.jpg 1000w\" sizes=\"(max-width: 683px) 100vw, 683px\" \/>\t\t\t\t\t\t\t\t\t\t\t\t\t\t\t<\/div>\n\t\t\t\t<\/div>\n\t\t\t\t\t<\/div>\n\t\t<\/div>\n\t\t\t\t\t<\/div>\n\t\t<\/section>\n\t\t\t\t<section class=\"elementor-section elementor-top-section elementor-element elementor-element-ccd1440 elementor-section-boxed elementor-section-height-default elementor-section-height-default\" data-id=\"ccd1440\" data-element_type=\"section\" data-e-type=\"section\">\n\t\t\t\t\t\t<div class=\"elementor-container elementor-column-gap-default\">\n\t\t\t\t\t<div class=\"elementor-column elementor-col-100 elementor-top-column elementor-element elementor-element-2e5f3a8\" data-id=\"2e5f3a8\" data-element_type=\"column\" data-e-type=\"column\">\n\t\t\t<div class=\"elementor-widget-wrap elementor-element-populated\">\n\t\t\t\t\t\t<div class=\"elementor-element elementor-element-078c19c elementor-widget elementor-widget-spacer\" data-id=\"078c19c\" data-element_type=\"widget\" data-e-type=\"widget\" data-widget_type=\"spacer.default\">\n\t\t\t\t<div class=\"elementor-widget-container\">\n\t\t\t\t\t\t\t<div class=\"elementor-spacer\">\n\t\t\t<div class=\"elementor-spacer-inner\"><\/div>\n\t\t<\/div>\n\t\t\t\t\t\t<\/div>\n\t\t\t\t<\/div>\n\t\t\t\t\t<\/div>\n\t\t<\/div>\n\t\t\t\t\t<\/div>\n\t\t<\/section>\n\t\t\t\t<\/div>\n\t\t","protected":false},"excerpt":{"rendered":"<p>Qui\u00e9nes Somos En Rub\u00e9n Alfonzo, nos proponemos brindar servicios de alto nivel y vanguardistas para las empresas y sus productos o servicios a fin de incrementar su valor y sostenibilidad a largo plazo. Con este prop\u00f3sito en mente, son tres \u00e1reas estrat\u00e9gicas en las que nos hemos especializado para apoyar a las empresas en su [&hellip;]<\/p>\n","protected":false},"author":1,"featured_media":0,"parent":0,"menu_order":0,"comment_status":"closed","ping_status":"closed","template":"elementor_header_footer","meta":{"footnotes":""},"class_list":["post-25","page","type-page","status-publish","hentry"],"_links":{"self":[{"href":"https:\/\/rubenalfonzo.com\/index.php?rest_route=\/wp\/v2\/pages\/25","targetHints":{"allow":["GET"]}}],"collection":[{"href":"https:\/\/rubenalfonzo.com\/index.php?rest_route=\/wp\/v2\/pages"}],"about":[{"href":"https:\/\/rubenalfonzo.com\/index.php?rest_route=\/wp\/v2\/types\/page"}],"author":[{"embeddable":true,"href":"https:\/\/rubenalfonzo.com\/index.php?rest_route=\/wp\/v2\/users\/1"}],"replies":[{"embeddable":true,"href":"https:\/\/rubenalfonzo.com\/index.php?rest_route=%2Fwp%2Fv2%2Fcomments&post=25"}],"version-history":[{"count":33,"href":"https:\/\/rubenalfonzo.com\/index.php?rest_route=\/wp\/v2\/pages\/25\/revisions"}],"predecessor-version":[{"id":646,"href":"https:\/\/rubenalfonzo.com\/index.php?rest_route=\/wp\/v2\/pages\/25\/revisions\/646"}],"wp:attachment":[{"href":"https:\/\/rubenalfonzo.com\/index.php?rest_route=%2Fwp%2Fv2%2Fmedia&parent=25"}],"curies":[{"name":"wp","href":"https:\/\/api.w.org\/{rel}","templated":true}]}}